{"id":25,"date":"2022-05-11T08:18:08","date_gmt":"2022-05-11T06:18:08","guid":{"rendered":"https:\/\/www.homegolucky.com\/?page_id=25"},"modified":"2022-05-11T08:18:09","modified_gmt":"2022-05-11T06:18:09","slug":"ueber-homeglucky","status":"publish","type":"page","link":"https:\/\/www.homegolucky.com\/index.php\/ueber-homeglucky\/","title":{"rendered":"\u00dcber Homeglucky"},"content":{"rendered":"\n<p>Homegolucky ist eine Plattform zum Teilen von Haushaltsartikeln mit dem Zweck, einen guten Artikel f\u00fcr Gruppen zu teilen, die etwas \u00fcber Dekoration, M\u00f6bel, Lampen, Haushaltsger\u00e4te, Trends und andere Informationen wissen m\u00f6chten.<\/p>\n\n\n\n<div class=\"wp-block-image\"><figure class=\"aligncenter size-full is-resized\"><a href=\"https:\/\/www.homegolucky.com\/\"><img decoding=\"async\" src=\"https:\/\/www.homegolucky.com\/wp-content\/uploads\/2022\/05\/0.jpg\" alt=\"\u00dcber Homeglucky\" class=\"wp-image-28\" width=\"500\" srcset=\"https:\/\/www.homegolucky.com\/wp-content\/uploads\/2022\/05\/0.jpg 416w, https:\/\/www.homegolucky.com\/wp-content\/uploads\/2022\/05\/0-300x300.jpg 300w, https:\/\/www.homegolucky.com\/wp-content\/uploads\/2022\/05\/0-150x150.jpg 150w\" sizes=\"(max-width: 416px) 100vw, 416px\" \/><\/a><\/figure><\/div>\n\n\n\n<p>Hier teilen wir verschiedene praktische Artikel in Form von Kolumnen, die in Kategorien wie Haushaltsger\u00e4te, Back\u00f6fen, M\u00f6bel, Marken, Sofas, Trends, R\u00e4ume, K\u00fcchen, Lampen usw. unterteilt sind. Hier erfahren Sie alles rund um die Dekoration , M\u00f6bel, Informationen \u00fcber Lampen, die neuesten Modetrends und mehr. W\u00e4hrend Sie durch den Artikel bl\u00e4ttern, k\u00f6nnen Sie mit einem Klick auf ein bestimmtes Bild auch auf die entsprechende Detailseite springen und sich so sofort \u00fcber Ihre Lieblingsartikel informieren.<\/p>\n\n\n\n<div class=\"wp-block-image\"><figure class=\"aligncenter size-large is-resized\"><a href=\"https:\/\/careertraining.ed2go.com\/sunypurchase\/training-programs\/residential-interior-designer-course-online\/\" target=\"_blank\" rel=\"noopener\"><img decoding=\"async\" src=\"https:\/\/www.homegolucky.com\/wp-content\/uploads\/2022\/05\/02-1024x538.jpg\" alt=\"\u00dcber Homeglucky\" class=\"wp-image-29\" width=\"500\" srcset=\"https:\/\/www.homegolucky.com\/wp-content\/uploads\/2022\/05\/02-1024x538.jpg 1024w, https:\/\/www.homegolucky.com\/wp-content\/uploads\/2022\/05\/02-300x158.jpg 300w, https:\/\/www.homegolucky.com\/wp-content\/uploads\/2022\/05\/02-768x403.jpg 768w, https:\/\/www.homegolucky.com\/wp-content\/uploads\/2022\/05\/02.jpg 1200w\" sizes=\"(max-width: 1024px) 100vw, 1024px\" \/><\/a><\/figure><\/div>\n\n\n\n<p>In Zukunft werden wir weitere praktische Artikel herausbringen, einen ausgew\u00e4hlten Artikel pro Tag, um Ihre Verwirrung zu l\u00f6sen; einen ausgew\u00e4hlten Artikel pro Tag, um Ihr Leben und Ihre Arbeit einfacher zu machen.<\/p>\n","protected":false},"excerpt":{"rendered":"<p class=\"text-justify mb-2\" >Homegolucky ist eine Plattform zum Teilen von Haushaltsartikeln mit dem Zweck, einen guten Artikel f\u00fcr Gruppen zu teilen, die etwas \u00fcber Dekoration, M\u00f6bel, Lampen, Haushaltsger\u00e4te, Trends und andere Informationen wissen m\u00f6chten. Hier teilen wir verschiedene praktische Artikel in Form von Kolumnen, die in Kategorien wie [&hellip;]<\/p>\n","protected":false},"author":1,"featured_media":0,"parent":0,"menu_order":0,"comment_status":"closed","ping_status":"closed","template":"","meta":{"footnotes":""},"class_list":["post-25","page","type-page","status-publish","hentry"],"_links":{"self":[{"href":"https:\/\/www.homegolucky.com\/index.php\/wp-json\/wp\/v2\/pages\/25","targetHints":{"allow":["GET"]}}],"collection":[{"href":"https:\/\/www.homegolucky.com\/index.php\/wp-json\/wp\/v2\/pages"}],"about":[{"href":"https:\/\/www.homegolucky.com\/index.php\/wp-json\/wp\/v2\/types\/page"}],"author":[{"embeddable":true,"href":"https:\/\/www.homegolucky.com\/index.php\/wp-json\/wp\/v2\/users\/1"}],"replies":[{"embeddable":true,"href":"https:\/\/www.homegolucky.com\/index.php\/wp-json\/wp\/v2\/comments?post=25"}],"version-history":[{"count":1,"href":"https:\/\/www.homegolucky.com\/index.php\/wp-json\/wp\/v2\/pages\/25\/revisions"}],"predecessor-version":[{"id":30,"href":"https:\/\/www.homegolucky.com\/index.php\/wp-json\/wp\/v2\/pages\/25\/revisions\/30"}],"wp:attachment":[{"href":"https:\/\/www.homegolucky.com\/index.php\/wp-json\/wp\/v2\/media?parent=25"}],"curies":[{"name":"wp","href":"https:\/\/api.w.org\/{rel}","templated":true}]}}